{"id":11742,"date":"2022-02-08T16:12:05","date_gmt":"2022-02-08T13:12:05","guid":{"rendered":"https:\/\/h-perfume.com\/?post_type=product&#038;p=11742"},"modified":"2026-01-17T11:45:51","modified_gmt":"2026-01-17T08:45:51","slug":"idole-edp-100ml-%d8%a7%d9%8a%d8%af%d9%88%d9%84","status":"publish","type":"product","link":"https:\/\/h-perfume.com\/en\/product\/idole-edp-100ml-%d8%a7%d9%8a%d8%af%d9%88%d9%84\/","title":{"rendered":"IDOLE EDP 100ML \u0627\u064a\u062f\u0648\u0644"},"content":{"rendered":"<p><em>Id\u00f4le by Lancome is a Chypre Floral fragrance for women. This is a new fragrance. Id\u00f4le was launched in 2019. Id\u00f4le was created by Shyamala Maisondieu, Adriana Medina-Baez and Nadege le Garlantezec. Top notes are Pear and Bergamot; middle notes are Turkish Rose, Rose de Mai and Indian Jasmine; base notes are White Musk and Vanilla.<\/em><\/p>\n","protected":false},"excerpt":{"rendered":"<p><em>Id\u00f4le Lancome \u0639\u0637\u0631 \u062a\u0634\u064a\u0628\u0631 &#8211; \u0632\u0647\u0631\u064a \u0644\u0644\u0646\u0633\u0627\u0621 . \u0647\u0630\u0627 \u0639\u0637\u0631 \u062c\u062f\u064a\u062f Id\u00f4le \u0635\u062f\u0631 \u0639\u0627\u0645 2019. Id\u00f4le Id\u00f4le Lancome \u0639\u0637\u0631 \u062a\u0634\u064a\u0628\u0631 &#8211; \u0632\u0647\u0631\u064a \u0644\u0644\u0646\u0633\u0627\u0621 . \u0647\u0630\u0627 \u0639\u0637\u0631 \u062c\u062f\u064a\u062f Id\u00f4le \u0635\u062f\u0631 \u0639\u0627\u0645 2019. Id\u00f4le \u0645\u0646 \u062a\u0648\u0642\u064a\u0639 Shyamala Maisondieu, Adriana Medina-Baez \u0648 Nadege le Garlantezec. \u0625\u0641\u062a\u062a\u0627\u062d\u064a\u0629 \u0627\u0644\u0639\u0637\u0631 \u0627\u0644\u0643\u0645\u062b\u0631\u064a \u0648 \u0627\u0644\u0628\u0631\u063a\u0645\u0648\u062a; \u0642\u0644\u0628 \u0627\u0644\u0639\u0637\u0631 \u0627\u0644\u0648\u0631\u062f \u0627\u0644\u062a\u0631\u0643\u064a, \u0648\u0631\u0648\u062f \u062f\u064a \u0645\u0627\u064a \u0648 \u0627\u0644\u064a\u0627\u0633\u064a\u0645\u064a\u0646 \u0627\u0644\u0647\u0646\u062f\u064a; \u0642\u0627\u0639\u062f\u0629 \u0627\u0644\u0639\u0637\u0631 \u062a\u062a\u0643\u0648\u0646 \u0645\u0646 \u0627\u0644\u0645\u0633\u0643 \u0627\u0644\u0623\u0628\u064a\u0636 \u0648 \u0627\u0644\u0641\u0627\u0646\u064a\u0644\u064a\u0627<\/em><\/p>\n","protected":false},"featured_media":11743,"comment_status":"open","ping_status":"closed","template":"","meta":[],"product_brand":[],"product_cat":[74],"product_tag":[],"class_list":{"0":"post-11742","1":"product","2":"type-product","3":"status-publish","4":"has-post-thumbnail","6":"product_cat-for-her","7":"product_shipping_class-gcc","10":"instock","11":"shipping-taxable","12":"purchasable","13":"product-type-simple"},"yoast_head":"<!-- This site is optimized with the Yoast SEO plugin v27.3 - https:\/\/yoast.com\/product\/yoast-seo-wordpress\/ -->\n<title>IDOLE EDP 100ML \u0627\u064a\u062f\u0648\u0644 - H Perfume<\/title>\n<meta name=\"robots\" content=\"index, follow, max-snippet:-1, max-image-preview:large, max-video-preview:-1\" \/>\n<link rel=\"canonical\" href=\"https:\/\/h-perfume.com\/en\/product\/idole-edp-100ml-\u0627\u064a\u062f\u0648\u0644\/\" \/>\n<meta property=\"og:locale\" content=\"en_US\" \/>\n<meta property=\"og:type\" content=\"article\" \/>\n<meta property=\"og:title\" content=\"IDOLE EDP 100ML \u0627\u064a\u062f\u0648\u0644 - H Perfume\" \/>\n<meta property=\"og:description\" content=\"Id\u00f4le Lancome \u0639\u0637\u0631 \u062a\u0634\u064a\u0628\u0631 - \u0632\u0647\u0631\u064a \u0644\u0644\u0646\u0633\u0627\u0621 . \u0647\u0630\u0627 \u0639\u0637\u0631 \u062c\u062f\u064a\u062f Id\u00f4le \u0635\u062f\u0631 \u0639\u0627\u0645 2019. Id\u00f4le Id\u00f4le Lancome \u0639\u0637\u0631 \u062a\u0634\u064a\u0628\u0631 - \u0632\u0647\u0631\u064a \u0644\u0644\u0646\u0633\u0627\u0621 . \u0647\u0630\u0627 \u0639\u0637\u0631 \u062c\u062f\u064a\u062f Id\u00f4le \u0635\u062f\u0631 \u0639\u0627\u0645 2019. Id\u00f4le \u0645\u0646 \u062a\u0648\u0642\u064a\u0639 Shyamala Maisondieu, Adriana Medina-Baez \u0648 Nadege le Garlantezec. \u0625\u0641\u062a\u062a\u0627\u062d\u064a\u0629 \u0627\u0644\u0639\u0637\u0631 \u0627\u0644\u0643\u0645\u062b\u0631\u064a \u0648 \u0627\u0644\u0628\u0631\u063a\u0645\u0648\u062a; \u0642\u0644\u0628 \u0627\u0644\u0639\u0637\u0631 \u0627\u0644\u0648\u0631\u062f \u0627\u0644\u062a\u0631\u0643\u064a, \u0648\u0631\u0648\u062f \u062f\u064a \u0645\u0627\u064a \u0648 \u0627\u0644\u064a\u0627\u0633\u064a\u0645\u064a\u0646 \u0627\u0644\u0647\u0646\u062f\u064a; \u0642\u0627\u0639\u062f\u0629 \u0627\u0644\u0639\u0637\u0631 \u062a\u062a\u0643\u0648\u0646 \u0645\u0646 \u0627\u0644\u0645\u0633\u0643 \u0627\u0644\u0623\u0628\u064a\u0636 \u0648 \u0627\u0644\u0641\u0627\u0646\u064a\u0644\u064a\u0627\" \/>\n<meta property=\"og:url\" content=\"https:\/\/h-perfume.com\/en\/product\/idole-edp-100ml-\u0627\u064a\u062f\u0648\u0644\/\" \/>\n<meta property=\"og:site_name\" content=\"H Perfume\" \/>\n<meta property=\"article:modified_time\" content=\"2026-01-17T08:45:51+00:00\" \/>\n<meta property=\"og:image\" content=\"https:\/\/h-perfume.com\/wp-content\/uploads\/2022\/02\/139.jpg\" \/>\n\t<meta property=\"og:image:width\" content=\"788\" \/>\n\t<meta property=\"og:image:height\" content=\"591\" \/>\n\t<meta property=\"og:image:type\" content=\"image\/jpeg\" \/>\n<meta name=\"twitter:card\" content=\"summary_large_image\" \/>\n<meta name=\"twitter:label1\" content=\"Est. reading time\" \/>\n\t<meta name=\"twitter:data1\" content=\"1 minute\" \/>\n<script type=\"application\/ld+json\" class=\"yoast-schema-graph\">{\"@context\":\"https:\\\/\\\/schema.org\",\"@graph\":[{\"@type\":\"WebPage\",\"@id\":\"https:\\\/\\\/h-perfume.com\\\/product\\\/idole-edp-100ml-%d8%a7%d9%8a%d8%af%d9%88%d9%84\\\/\",\"url\":\"https:\\\/\\\/h-perfume.com\\\/product\\\/idole-edp-100ml-%d8%a7%d9%8a%d8%af%d9%88%d9%84\\\/\",\"name\":\"IDOLE EDP 100ML \u0627\u064a\u062f\u0648\u0644 - H Perfume\",\"isPartOf\":{\"@id\":\"https:\\\/\\\/h-perfume.com\\\/en\\\/#website\"},\"primaryImageOfPage\":{\"@id\":\"https:\\\/\\\/h-perfume.com\\\/product\\\/idole-edp-100ml-%d8%a7%d9%8a%d8%af%d9%88%d9%84\\\/#primaryimage\"},\"image\":{\"@id\":\"https:\\\/\\\/h-perfume.com\\\/product\\\/idole-edp-100ml-%d8%a7%d9%8a%d8%af%d9%88%d9%84\\\/#primaryimage\"},\"thumbnailUrl\":\"https:\\\/\\\/h-perfume.com\\\/wp-content\\\/uploads\\\/2022\\\/02\\\/139.jpg\",\"datePublished\":\"2022-02-08T13:12:05+00:00\",\"dateModified\":\"2026-01-17T08:45:51+00:00\",\"breadcrumb\":{\"@id\":\"https:\\\/\\\/h-perfume.com\\\/product\\\/idole-edp-100ml-%d8%a7%d9%8a%d8%af%d9%88%d9%84\\\/#breadcrumb\"},\"inLanguage\":\"en-US\",\"potentialAction\":[{\"@type\":\"ReadAction\",\"target\":[\"https:\\\/\\\/h-perfume.com\\\/product\\\/idole-edp-100ml-%d8%a7%d9%8a%d8%af%d9%88%d9%84\\\/\"]}]},{\"@type\":\"ImageObject\",\"inLanguage\":\"en-US\",\"@id\":\"https:\\\/\\\/h-perfume.com\\\/product\\\/idole-edp-100ml-%d8%a7%d9%8a%d8%af%d9%88%d9%84\\\/#primaryimage\",\"url\":\"https:\\\/\\\/h-perfume.com\\\/wp-content\\\/uploads\\\/2022\\\/02\\\/139.jpg\",\"contentUrl\":\"https:\\\/\\\/h-perfume.com\\\/wp-content\\\/uploads\\\/2022\\\/02\\\/139.jpg\",\"width\":788,\"height\":591},{\"@type\":\"BreadcrumbList\",\"@id\":\"https:\\\/\\\/h-perfume.com\\\/product\\\/idole-edp-100ml-%d8%a7%d9%8a%d8%af%d9%88%d9%84\\\/#breadcrumb\",\"itemListElement\":[{\"@type\":\"ListItem\",\"position\":1,\"name\":\"Home\",\"item\":\"https:\\\/\\\/h-perfume.com\\\/en\\\/\"},{\"@type\":\"ListItem\",\"position\":2,\"name\":\"Shop\",\"item\":\"https:\\\/\\\/h-perfume.com\\\/en\\\/shop\\\/\"},{\"@type\":\"ListItem\",\"position\":3,\"name\":\"IDOLE EDP 100ML \u0627\u064a\u062f\u0648\u0644\"}]},{\"@type\":\"WebSite\",\"@id\":\"https:\\\/\\\/h-perfume.com\\\/en\\\/#website\",\"url\":\"https:\\\/\\\/h-perfume.com\\\/en\\\/\",\"name\":\"H Perfume\",\"description\":\"Perfumes &amp; More\",\"potentialAction\":[{\"@type\":\"SearchAction\",\"target\":{\"@type\":\"EntryPoint\",\"urlTemplate\":\"https:\\\/\\\/h-perfume.com\\\/en\\\/?s={search_term_string}\"},\"query-input\":{\"@type\":\"PropertyValueSpecification\",\"valueRequired\":true,\"valueName\":\"search_term_string\"}}],\"inLanguage\":\"en-US\"}]}<\/script>\n<!-- \/ Yoast SEO plugin. -->","yoast_head_json":{"title":"IDOLE EDP 100ML \u0627\u064a\u062f\u0648\u0644 - H Perfume","robots":{"index":"index","follow":"follow","max-snippet":"max-snippet:-1","max-image-preview":"max-image-preview:large","max-video-preview":"max-video-preview:-1"},"canonical":"https:\/\/h-perfume.com\/en\/product\/idole-edp-100ml-\u0627\u064a\u062f\u0648\u0644\/","og_locale":"en_US","og_type":"article","og_title":"IDOLE EDP 100ML \u0627\u064a\u062f\u0648\u0644 - H Perfume","og_description":"Id\u00f4le Lancome \u0639\u0637\u0631 \u062a\u0634\u064a\u0628\u0631 - \u0632\u0647\u0631\u064a \u0644\u0644\u0646\u0633\u0627\u0621 . \u0647\u0630\u0627 \u0639\u0637\u0631 \u062c\u062f\u064a\u062f Id\u00f4le \u0635\u062f\u0631 \u0639\u0627\u0645 2019. Id\u00f4le Id\u00f4le Lancome \u0639\u0637\u0631 \u062a\u0634\u064a\u0628\u0631 - \u0632\u0647\u0631\u064a \u0644\u0644\u0646\u0633\u0627\u0621 . \u0647\u0630\u0627 \u0639\u0637\u0631 \u062c\u062f\u064a\u062f Id\u00f4le \u0635\u062f\u0631 \u0639\u0627\u0645 2019. Id\u00f4le \u0645\u0646 \u062a\u0648\u0642\u064a\u0639 Shyamala Maisondieu, Adriana Medina-Baez \u0648 Nadege le Garlantezec. \u0625\u0641\u062a\u062a\u0627\u062d\u064a\u0629 \u0627\u0644\u0639\u0637\u0631 \u0627\u0644\u0643\u0645\u062b\u0631\u064a \u0648 \u0627\u0644\u0628\u0631\u063a\u0645\u0648\u062a; \u0642\u0644\u0628 \u0627\u0644\u0639\u0637\u0631 \u0627\u0644\u0648\u0631\u062f \u0627\u0644\u062a\u0631\u0643\u064a, \u0648\u0631\u0648\u062f \u062f\u064a \u0645\u0627\u064a \u0648 \u0627\u0644\u064a\u0627\u0633\u064a\u0645\u064a\u0646 \u0627\u0644\u0647\u0646\u062f\u064a; \u0642\u0627\u0639\u062f\u0629 \u0627\u0644\u0639\u0637\u0631 \u062a\u062a\u0643\u0648\u0646 \u0645\u0646 \u0627\u0644\u0645\u0633\u0643 \u0627\u0644\u0623\u0628\u064a\u0636 \u0648 \u0627\u0644\u0641\u0627\u0646\u064a\u0644\u064a\u0627","og_url":"https:\/\/h-perfume.com\/en\/product\/idole-edp-100ml-\u0627\u064a\u062f\u0648\u0644\/","og_site_name":"H Perfume","article_modified_time":"2026-01-17T08:45:51+00:00","og_image":[{"width":788,"height":591,"url":"https:\/\/h-perfume.com\/wp-content\/uploads\/2022\/02\/139.jpg","type":"image\/jpeg"}],"twitter_card":"summary_large_image","twitter_misc":{"Est. reading time":"1 minute"},"schema":{"@context":"https:\/\/schema.org","@graph":[{"@type":"WebPage","@id":"https:\/\/h-perfume.com\/product\/idole-edp-100ml-%d8%a7%d9%8a%d8%af%d9%88%d9%84\/","url":"https:\/\/h-perfume.com\/product\/idole-edp-100ml-%d8%a7%d9%8a%d8%af%d9%88%d9%84\/","name":"IDOLE EDP 100ML \u0627\u064a\u062f\u0648\u0644 - H Perfume","isPartOf":{"@id":"https:\/\/h-perfume.com\/en\/#website"},"primaryImageOfPage":{"@id":"https:\/\/h-perfume.com\/product\/idole-edp-100ml-%d8%a7%d9%8a%d8%af%d9%88%d9%84\/#primaryimage"},"image":{"@id":"https:\/\/h-perfume.com\/product\/idole-edp-100ml-%d8%a7%d9%8a%d8%af%d9%88%d9%84\/#primaryimage"},"thumbnailUrl":"https:\/\/h-perfume.com\/wp-content\/uploads\/2022\/02\/139.jpg","datePublished":"2022-02-08T13:12:05+00:00","dateModified":"2026-01-17T08:45:51+00:00","breadcrumb":{"@id":"https:\/\/h-perfume.com\/product\/idole-edp-100ml-%d8%a7%d9%8a%d8%af%d9%88%d9%84\/#breadcrumb"},"inLanguage":"en-US","potentialAction":[{"@type":"ReadAction","target":["https:\/\/h-perfume.com\/product\/idole-edp-100ml-%d8%a7%d9%8a%d8%af%d9%88%d9%84\/"]}]},{"@type":"ImageObject","inLanguage":"en-US","@id":"https:\/\/h-perfume.com\/product\/idole-edp-100ml-%d8%a7%d9%8a%d8%af%d9%88%d9%84\/#primaryimage","url":"https:\/\/h-perfume.com\/wp-content\/uploads\/2022\/02\/139.jpg","contentUrl":"https:\/\/h-perfume.com\/wp-content\/uploads\/2022\/02\/139.jpg","width":788,"height":591},{"@type":"BreadcrumbList","@id":"https:\/\/h-perfume.com\/product\/idole-edp-100ml-%d8%a7%d9%8a%d8%af%d9%88%d9%84\/#breadcrumb","itemListElement":[{"@type":"ListItem","position":1,"name":"Home","item":"https:\/\/h-perfume.com\/en\/"},{"@type":"ListItem","position":2,"name":"Shop","item":"https:\/\/h-perfume.com\/en\/shop\/"},{"@type":"ListItem","position":3,"name":"IDOLE EDP 100ML \u0627\u064a\u062f\u0648\u0644"}]},{"@type":"WebSite","@id":"https:\/\/h-perfume.com\/en\/#website","url":"https:\/\/h-perfume.com\/en\/","name":"H Perfume","description":"Perfumes &amp; More","potentialAction":[{"@type":"SearchAction","target":{"@type":"EntryPoint","urlTemplate":"https:\/\/h-perfume.com\/en\/?s={search_term_string}"},"query-input":{"@type":"PropertyValueSpecification","valueRequired":true,"valueName":"search_term_string"}}],"inLanguage":"en-US"}]}},"amp_enabled":true,"_links":{"self":[{"href":"https:\/\/h-perfume.com\/en\/wp-json\/wp\/v2\/product\/11742","targetHints":{"allow":["GET"]}}],"collection":[{"href":"https:\/\/h-perfume.com\/en\/wp-json\/wp\/v2\/product"}],"about":[{"href":"https:\/\/h-perfume.com\/en\/wp-json\/wp\/v2\/types\/product"}],"replies":[{"embeddable":true,"href":"https:\/\/h-perfume.com\/en\/wp-json\/wp\/v2\/comments?post=11742"}],"version-history":[{"count":1,"href":"https:\/\/h-perfume.com\/en\/wp-json\/wp\/v2\/product\/11742\/revisions"}],"predecessor-version":[{"id":11744,"href":"https:\/\/h-perfume.com\/en\/wp-json\/wp\/v2\/product\/11742\/revisions\/11744"}],"wp:featuredmedia":[{"embeddable":true,"href":"https:\/\/h-perfume.com\/en\/wp-json\/wp\/v2\/media\/11743"}],"wp:attachment":[{"href":"https:\/\/h-perfume.com\/en\/wp-json\/wp\/v2\/media?parent=11742"}],"wp:term":[{"taxonomy":"product_brand","embeddable":true,"href":"https:\/\/h-perfume.com\/en\/wp-json\/wp\/v2\/product_brand?post=11742"},{"taxonomy":"product_cat","embeddable":true,"href":"https:\/\/h-perfume.com\/en\/wp-json\/wp\/v2\/product_cat?post=11742"},{"taxonomy":"product_tag","embeddable":true,"href":"https:\/\/h-perfume.com\/en\/wp-json\/wp\/v2\/product_tag?post=11742"}],"curies":[{"name":"wp","href":"https:\/\/api.w.org\/{rel}","templated":true}]}}